{"id":502,"date":"2022-09-30T13:04:31","date_gmt":"2022-09-30T11:04:31","guid":{"rendered":"https:\/\/preklady-textu.cz\/apostille-from-abroad\/"},"modified":"2022-12-29T10:49:25","modified_gmt":"2022-12-29T09:49:25","slug":"apostila-ze-zahranici","status":"publish","type":"page","link":"https:\/\/www.preklady-textu.cz\/en\/apostila-ze-zahranici\/","title":{"rendered":"Apostille from aboad"},"content":{"rendered":"","protected":false},"excerpt":{"rendered":"","protected":false},"author":1,"featured_media":0,"parent":0,"menu_order":0,"comment_status":"closed","ping_status":"closed","template":"","meta":{"footnotes":""},"class_list":["post-502","page","type-page","status-publish","hentry"],"yoast_head":"<!-- This site is optimized with the Yoast SEO plugin v27.5 - https:\/\/yoast.com\/product\/yoast-seo-wordpress\/ -->\n<title>Apostille from aboad - P\u0159ekladatelsk\u00e1 agentura P\u0159eklady textu<\/title>\n<meta name=\"robots\" content=\"index, follow, max-snippet:-1, max-image-preview:large, max-video-preview:-1\" \/>\n<link rel=\"canonical\" href=\"https:\/\/www.preklady-textu.cz\/en\/apostila-ze-zahranici\/\" \/>\n<meta property=\"og:locale\" content=\"en_US\" \/>\n<meta property=\"og:type\" content=\"article\" \/>\n<meta property=\"og:title\" content=\"Apostille from aboad - P\u0159ekladatelsk\u00e1 agentura P\u0159eklady textu\" \/>\n<meta property=\"og:url\" content=\"https:\/\/www.preklady-textu.cz\/en\/apostila-ze-zahranici\/\" \/>\n<meta property=\"og:site_name\" content=\"P\u0159ekladatelsk\u00e1 agentura P\u0159eklady textu\" \/>\n<meta property=\"article:publisher\" content=\"https:\/\/www.facebook.com\/preklady.textu\/\" \/>\n<meta property=\"article:modified_time\" content=\"2022-12-29T09:49:25+00:00\" \/>\n<meta name=\"twitter:card\" content=\"summary_large_image\" \/>\n<script type=\"application\/ld+json\" class=\"yoast-schema-graph\">{\"@context\":\"https:\\\/\\\/schema.org\",\"@graph\":[{\"@type\":\"WebPage\",\"@id\":\"https:\\\/\\\/www.preklady-textu.cz\\\/en\\\/apostila-ze-zahranici\\\/\",\"url\":\"https:\\\/\\\/www.preklady-textu.cz\\\/en\\\/apostila-ze-zahranici\\\/\",\"name\":\"Apostille from aboad - P\u0159ekladatelsk\u00e1 agentura P\u0159eklady textu\",\"isPartOf\":{\"@id\":\"https:\\\/\\\/www.preklady-textu.cz\\\/#website\"},\"datePublished\":\"2022-09-30T11:04:31+00:00\",\"dateModified\":\"2022-12-29T09:49:25+00:00\",\"breadcrumb\":{\"@id\":\"https:\\\/\\\/www.preklady-textu.cz\\\/en\\\/apostila-ze-zahranici\\\/#breadcrumb\"},\"inLanguage\":\"en-US\",\"potentialAction\":[{\"@type\":\"ReadAction\",\"target\":[\"https:\\\/\\\/www.preklady-textu.cz\\\/en\\\/apostila-ze-zahranici\\\/\"]}]},{\"@type\":\"BreadcrumbList\",\"@id\":\"https:\\\/\\\/www.preklady-textu.cz\\\/en\\\/apostila-ze-zahranici\\\/#breadcrumb\",\"itemListElement\":[{\"@type\":\"ListItem\",\"position\":1,\"name\":\"Dom\u016f\",\"item\":\"https:\\\/\\\/www.preklady-textu.cz\\\/en\\\/\"},{\"@type\":\"ListItem\",\"position\":2,\"name\":\"Apostille from aboad\"}]},{\"@type\":\"WebSite\",\"@id\":\"https:\\\/\\\/www.preklady-textu.cz\\\/#website\",\"url\":\"https:\\\/\\\/www.preklady-textu.cz\\\/\",\"name\":\"P\u0159ekladatelsk\u00e1 agentura P\u0159eklady textu\",\"description\":\"P\u0159eklady | Apostila a legalizace dokument\u016f | Tlumo\u010den\u00ed\",\"potentialAction\":[{\"@type\":\"SearchAction\",\"target\":{\"@type\":\"EntryPoint\",\"urlTemplate\":\"https:\\\/\\\/www.preklady-textu.cz\\\/?s={search_term_string}\"},\"query-input\":{\"@type\":\"PropertyValueSpecification\",\"valueRequired\":true,\"valueName\":\"search_term_string\"}}],\"inLanguage\":\"en-US\"}]}<\/script>\n<!-- \/ Yoast SEO plugin. -->","yoast_head_json":{"title":"Apostille from aboad - P\u0159ekladatelsk\u00e1 agentura P\u0159eklady textu","robots":{"index":"index","follow":"follow","max-snippet":"max-snippet:-1","max-image-preview":"max-image-preview:large","max-video-preview":"max-video-preview:-1"},"canonical":"https:\/\/www.preklady-textu.cz\/en\/apostila-ze-zahranici\/","og_locale":"en_US","og_type":"article","og_title":"Apostille from aboad - P\u0159ekladatelsk\u00e1 agentura P\u0159eklady textu","og_url":"https:\/\/www.preklady-textu.cz\/en\/apostila-ze-zahranici\/","og_site_name":"P\u0159ekladatelsk\u00e1 agentura P\u0159eklady textu","article_publisher":"https:\/\/www.facebook.com\/preklady.textu\/","article_modified_time":"2022-12-29T09:49:25+00:00","twitter_card":"summary_large_image","schema":{"@context":"https:\/\/schema.org","@graph":[{"@type":"WebPage","@id":"https:\/\/www.preklady-textu.cz\/en\/apostila-ze-zahranici\/","url":"https:\/\/www.preklady-textu.cz\/en\/apostila-ze-zahranici\/","name":"Apostille from aboad - P\u0159ekladatelsk\u00e1 agentura P\u0159eklady textu","isPartOf":{"@id":"https:\/\/www.preklady-textu.cz\/#website"},"datePublished":"2022-09-30T11:04:31+00:00","dateModified":"2022-12-29T09:49:25+00:00","breadcrumb":{"@id":"https:\/\/www.preklady-textu.cz\/en\/apostila-ze-zahranici\/#breadcrumb"},"inLanguage":"en-US","potentialAction":[{"@type":"ReadAction","target":["https:\/\/www.preklady-textu.cz\/en\/apostila-ze-zahranici\/"]}]},{"@type":"BreadcrumbList","@id":"https:\/\/www.preklady-textu.cz\/en\/apostila-ze-zahranici\/#breadcrumb","itemListElement":[{"@type":"ListItem","position":1,"name":"Dom\u016f","item":"https:\/\/www.preklady-textu.cz\/en\/"},{"@type":"ListItem","position":2,"name":"Apostille from aboad"}]},{"@type":"WebSite","@id":"https:\/\/www.preklady-textu.cz\/#website","url":"https:\/\/www.preklady-textu.cz\/","name":"P\u0159ekladatelsk\u00e1 agentura P\u0159eklady textu","description":"P\u0159eklady | Apostila a legalizace dokument\u016f | Tlumo\u010den\u00ed","potentialAction":[{"@type":"SearchAction","target":{"@type":"EntryPoint","urlTemplate":"https:\/\/www.preklady-textu.cz\/?s={search_term_string}"},"query-input":{"@type":"PropertyValueSpecification","valueRequired":true,"valueName":"search_term_string"}}],"inLanguage":"en-US"}]}},"_links":{"self":[{"href":"https:\/\/www.preklady-textu.cz\/en\/wp-json\/wp\/v2\/pages\/502","targetHints":{"allow":["GET"]}}],"collection":[{"href":"https:\/\/www.preklady-textu.cz\/en\/wp-json\/wp\/v2\/pages"}],"about":[{"href":"https:\/\/www.preklady-textu.cz\/en\/wp-json\/wp\/v2\/types\/page"}],"author":[{"embeddable":true,"href":"https:\/\/www.preklady-textu.cz\/en\/wp-json\/wp\/v2\/users\/1"}],"replies":[{"embeddable":true,"href":"https:\/\/www.preklady-textu.cz\/en\/wp-json\/wp\/v2\/comments?post=502"}],"version-history":[{"count":2,"href":"https:\/\/www.preklady-textu.cz\/en\/wp-json\/wp\/v2\/pages\/502\/revisions"}],"predecessor-version":[{"id":505,"href":"https:\/\/www.preklady-textu.cz\/en\/wp-json\/wp\/v2\/pages\/502\/revisions\/505"}],"wp:attachment":[{"href":"https:\/\/www.preklady-textu.cz\/en\/wp-json\/wp\/v2\/media?parent=502"}],"curies":[{"name":"wp","href":"https:\/\/api.w.org\/{rel}","templated":true}]}}