{"id":471,"date":"2022-08-15T18:48:00","date_gmt":"2022-08-15T16:48:00","guid":{"rendered":"https:\/\/preklady-textu.cz\/interpreting\/"},"modified":"2025-07-04T07:24:43","modified_gmt":"2025-07-04T05:24:43","slug":"tlumoceni","status":"publish","type":"page","link":"https:\/\/www.preklady-textu.cz\/en\/tlumoceni\/","title":{"rendered":"Interpreting"},"content":{"rendered":"","protected":false},"excerpt":{"rendered":"","protected":false},"author":1,"featured_media":0,"parent":0,"menu_order":0,"comment_status":"closed","ping_status":"closed","template":"","meta":{"footnotes":""},"class_list":["post-471","page","type-page","status-publish","hentry"],"yoast_head":"<!-- This site is optimized with the Yoast SEO plugin v27.4 - https:\/\/yoast.com\/product\/yoast-seo-wordpress\/ -->\n<title>Interpreting - P\u0159ekladatelsk\u00e1 agentura P\u0159eklady textu<\/title>\n<meta name=\"description\" content=\"Na\u0161e agentura P\u0158EKLADY TEXTU v\u00e1m poskytne \u0161irokou nab\u00eddku tlumo\u010dnick\u00fdch slu\u017eeb od profesion\u00e1ln\u00edch tlumo\u010dn\u00edk\u016f. Soudn\u00ed tlumo\u010den\u00ed, Simult\u00e1nn\u00ed nebo Konsekutivn\u00ed.\" \/>\n<meta name=\"robots\" content=\"index, follow, max-snippet:-1, max-image-preview:large, max-video-preview:-1\" \/>\n<link rel=\"canonical\" href=\"https:\/\/www.preklady-textu.cz\/en\/tlumoceni\/\" \/>\n<meta property=\"og:locale\" content=\"en_US\" \/>\n<meta property=\"og:type\" content=\"article\" \/>\n<meta property=\"og:title\" content=\"Interpreting - P\u0159ekladatelsk\u00e1 agentura P\u0159eklady textu\" \/>\n<meta property=\"og:description\" content=\"Na\u0161e agentura P\u0158EKLADY TEXTU v\u00e1m poskytne \u0161irokou nab\u00eddku tlumo\u010dnick\u00fdch slu\u017eeb od profesion\u00e1ln\u00edch tlumo\u010dn\u00edk\u016f. Soudn\u00ed tlumo\u010den\u00ed, Simult\u00e1nn\u00ed nebo Konsekutivn\u00ed.\" \/>\n<meta property=\"og:url\" content=\"https:\/\/www.preklady-textu.cz\/en\/tlumoceni\/\" \/>\n<meta property=\"og:site_name\" content=\"P\u0159ekladatelsk\u00e1 agentura P\u0159eklady textu\" \/>\n<meta property=\"article:publisher\" content=\"https:\/\/www.facebook.com\/preklady.textu\/\" \/>\n<meta property=\"article:modified_time\" content=\"2025-07-04T05:24:43+00:00\" \/>\n<meta name=\"twitter:card\" content=\"summary_large_image\" \/>\n<meta name=\"twitter:label1\" content=\"Est. reading time\" \/>\n\t<meta name=\"twitter:data1\" content=\"4 minutes\" \/>\n<script type=\"application\/ld+json\" class=\"yoast-schema-graph\">{\"@context\":\"https:\\\/\\\/schema.org\",\"@graph\":[{\"@type\":\"WebPage\",\"@id\":\"https:\\\/\\\/www.preklady-textu.cz\\\/en\\\/tlumoceni\\\/\",\"url\":\"https:\\\/\\\/www.preklady-textu.cz\\\/en\\\/tlumoceni\\\/\",\"name\":\"Interpreting - P\u0159ekladatelsk\u00e1 agentura P\u0159eklady textu\",\"isPartOf\":{\"@id\":\"https:\\\/\\\/www.preklady-textu.cz\\\/#website\"},\"datePublished\":\"2022-08-15T16:48:00+00:00\",\"dateModified\":\"2025-07-04T05:24:43+00:00\",\"description\":\"Na\u0161e agentura P\u0158EKLADY TEXTU v\u00e1m poskytne \u0161irokou nab\u00eddku tlumo\u010dnick\u00fdch slu\u017eeb od profesion\u00e1ln\u00edch tlumo\u010dn\u00edk\u016f. Soudn\u00ed tlumo\u010den\u00ed, Simult\u00e1nn\u00ed nebo Konsekutivn\u00ed.\",\"breadcrumb\":{\"@id\":\"https:\\\/\\\/www.preklady-textu.cz\\\/en\\\/tlumoceni\\\/#breadcrumb\"},\"inLanguage\":\"en-US\",\"potentialAction\":[{\"@type\":\"ReadAction\",\"target\":[\"https:\\\/\\\/www.preklady-textu.cz\\\/en\\\/tlumoceni\\\/\"]}]},{\"@type\":\"BreadcrumbList\",\"@id\":\"https:\\\/\\\/www.preklady-textu.cz\\\/en\\\/tlumoceni\\\/#breadcrumb\",\"itemListElement\":[{\"@type\":\"ListItem\",\"position\":1,\"name\":\"Dom\u016f\",\"item\":\"https:\\\/\\\/www.preklady-textu.cz\\\/en\\\/\"},{\"@type\":\"ListItem\",\"position\":2,\"name\":\"Interpreting\"}]},{\"@type\":\"WebSite\",\"@id\":\"https:\\\/\\\/www.preklady-textu.cz\\\/#website\",\"url\":\"https:\\\/\\\/www.preklady-textu.cz\\\/\",\"name\":\"P\u0159ekladatelsk\u00e1 agentura P\u0159eklady textu\",\"description\":\"P\u0159eklady | Apostila a legalizace dokument\u016f | Tlumo\u010den\u00ed\",\"potentialAction\":[{\"@type\":\"SearchAction\",\"target\":{\"@type\":\"EntryPoint\",\"urlTemplate\":\"https:\\\/\\\/www.preklady-textu.cz\\\/?s={search_term_string}\"},\"query-input\":{\"@type\":\"PropertyValueSpecification\",\"valueRequired\":true,\"valueName\":\"search_term_string\"}}],\"inLanguage\":\"en-US\"}]}<\/script>\n<!-- \/ Yoast SEO plugin. -->","yoast_head_json":{"title":"Interpreting - P\u0159ekladatelsk\u00e1 agentura P\u0159eklady textu","description":"Na\u0161e agentura P\u0158EKLADY TEXTU v\u00e1m poskytne \u0161irokou nab\u00eddku tlumo\u010dnick\u00fdch slu\u017eeb od profesion\u00e1ln\u00edch tlumo\u010dn\u00edk\u016f. Soudn\u00ed tlumo\u010den\u00ed, Simult\u00e1nn\u00ed nebo Konsekutivn\u00ed.","robots":{"index":"index","follow":"follow","max-snippet":"max-snippet:-1","max-image-preview":"max-image-preview:large","max-video-preview":"max-video-preview:-1"},"canonical":"https:\/\/www.preklady-textu.cz\/en\/tlumoceni\/","og_locale":"en_US","og_type":"article","og_title":"Interpreting - P\u0159ekladatelsk\u00e1 agentura P\u0159eklady textu","og_description":"Na\u0161e agentura P\u0158EKLADY TEXTU v\u00e1m poskytne \u0161irokou nab\u00eddku tlumo\u010dnick\u00fdch slu\u017eeb od profesion\u00e1ln\u00edch tlumo\u010dn\u00edk\u016f. Soudn\u00ed tlumo\u010den\u00ed, Simult\u00e1nn\u00ed nebo Konsekutivn\u00ed.","og_url":"https:\/\/www.preklady-textu.cz\/en\/tlumoceni\/","og_site_name":"P\u0159ekladatelsk\u00e1 agentura P\u0159eklady textu","article_publisher":"https:\/\/www.facebook.com\/preklady.textu\/","article_modified_time":"2025-07-04T05:24:43+00:00","twitter_card":"summary_large_image","twitter_misc":{"Est. reading time":"4 minutes"},"schema":{"@context":"https:\/\/schema.org","@graph":[{"@type":"WebPage","@id":"https:\/\/www.preklady-textu.cz\/en\/tlumoceni\/","url":"https:\/\/www.preklady-textu.cz\/en\/tlumoceni\/","name":"Interpreting - P\u0159ekladatelsk\u00e1 agentura P\u0159eklady textu","isPartOf":{"@id":"https:\/\/www.preklady-textu.cz\/#website"},"datePublished":"2022-08-15T16:48:00+00:00","dateModified":"2025-07-04T05:24:43+00:00","description":"Na\u0161e agentura P\u0158EKLADY TEXTU v\u00e1m poskytne \u0161irokou nab\u00eddku tlumo\u010dnick\u00fdch slu\u017eeb od profesion\u00e1ln\u00edch tlumo\u010dn\u00edk\u016f. Soudn\u00ed tlumo\u010den\u00ed, Simult\u00e1nn\u00ed nebo Konsekutivn\u00ed.","breadcrumb":{"@id":"https:\/\/www.preklady-textu.cz\/en\/tlumoceni\/#breadcrumb"},"inLanguage":"en-US","potentialAction":[{"@type":"ReadAction","target":["https:\/\/www.preklady-textu.cz\/en\/tlumoceni\/"]}]},{"@type":"BreadcrumbList","@id":"https:\/\/www.preklady-textu.cz\/en\/tlumoceni\/#breadcrumb","itemListElement":[{"@type":"ListItem","position":1,"name":"Dom\u016f","item":"https:\/\/www.preklady-textu.cz\/en\/"},{"@type":"ListItem","position":2,"name":"Interpreting"}]},{"@type":"WebSite","@id":"https:\/\/www.preklady-textu.cz\/#website","url":"https:\/\/www.preklady-textu.cz\/","name":"P\u0159ekladatelsk\u00e1 agentura P\u0159eklady textu","description":"P\u0159eklady | Apostila a legalizace dokument\u016f | Tlumo\u010den\u00ed","potentialAction":[{"@type":"SearchAction","target":{"@type":"EntryPoint","urlTemplate":"https:\/\/www.preklady-textu.cz\/?s={search_term_string}"},"query-input":{"@type":"PropertyValueSpecification","valueRequired":true,"valueName":"search_term_string"}}],"inLanguage":"en-US"}]}},"_links":{"self":[{"href":"https:\/\/www.preklady-textu.cz\/en\/wp-json\/wp\/v2\/pages\/471","targetHints":{"allow":["GET"]}}],"collection":[{"href":"https:\/\/www.preklady-textu.cz\/en\/wp-json\/wp\/v2\/pages"}],"about":[{"href":"https:\/\/www.preklady-textu.cz\/en\/wp-json\/wp\/v2\/types\/page"}],"author":[{"embeddable":true,"href":"https:\/\/www.preklady-textu.cz\/en\/wp-json\/wp\/v2\/users\/1"}],"replies":[{"embeddable":true,"href":"https:\/\/www.preklady-textu.cz\/en\/wp-json\/wp\/v2\/comments?post=471"}],"version-history":[{"count":7,"href":"https:\/\/www.preklady-textu.cz\/en\/wp-json\/wp\/v2\/pages\/471\/revisions"}],"predecessor-version":[{"id":911,"href":"https:\/\/www.preklady-textu.cz\/en\/wp-json\/wp\/v2\/pages\/471\/revisions\/911"}],"wp:attachment":[{"href":"https:\/\/www.preklady-textu.cz\/en\/wp-json\/wp\/v2\/media?parent=471"}],"curies":[{"name":"wp","href":"https:\/\/api.w.org\/{rel}","templated":true}]}}